{"id":31,"date":"2019-03-14T19:08:19","date_gmt":"2019-03-14T19:08:19","guid":{"rendered":"https:\/\/enviroglobal.cz\/sk\/?page_id=31"},"modified":"2022-11-23T02:54:35","modified_gmt":"2022-11-23T02:54:35","slug":"kontakt","status":"publish","type":"page","link":"https:\/\/enviroglobal.cz\/sk\/kontakt\/","title":{"rendered":"Kontakt"},"content":{"rendered":"\n\n  <div class=\"banner has-hover\" id=\"banner-30502697\">\n          <div class=\"banner-inner fill\">\n        <div class=\"banner-bg fill\" >\n            <div class=\"bg fill bg-fill \"><\/div>\n                        <div class=\"overlay\"><\/div>            \n                    <\/div><!-- bg-layers -->\n        <div class=\"banner-layers container\">\n            <div class=\"fill banner-link\"><\/div>            \n\n   <div id=\"text-box-2031304874\" class=\"text-box banner-layer x100 md-x100 lg-x100 y50 md-y50 lg-y50 res-text\">\n                                <div class=\"text dark\">\n              \n              <div class=\"text-inner text-center\">\n                  \n\n<a class=\"button white is-outline\"  >\n  <i class=\"icon-phone\" ><\/i>  <span>+420 777 415 675<\/span>\n  <\/a>\n\n\n<a class=\"button white is-outline lowercase\"  >\n  <i class=\"icon-envelop\" ><\/i>  <span>sales@enviroglobal.cz<\/span>\n  <\/a>\n\n\n<div class=\"gap-element clearfix\" style=\"display:block; height:auto; padding-top:18px\"><\/div>\n\n<div role=\"form\" class=\"wpcf7\" id=\"wpcf7-f109-o1\" lang=\"en-US\" dir=\"ltr\">\n<div class=\"screen-reader-response\"><p role=\"status\" aria-live=\"polite\" aria-atomic=\"true\"><\/p> <ul><\/ul><\/div>\n<form action=\"\/sk\/wp-json\/wp\/v2\/pages\/31#wpcf7-f109-o1\" method=\"post\" class=\"wpcf7-form init\" novalidate=\"novalidate\" data-status=\"init\">\n<div style=\"display: none;\">\n<input type=\"hidden\" name=\"_wpcf7\" value=\"109\" \/>\n<input type=\"hidden\" name=\"_wpcf7_version\" value=\"5.6.4\" \/>\n<input type=\"hidden\" name=\"_wpcf7_locale\" value=\"en_US\" \/>\n<input type=\"hidden\" name=\"_wpcf7_unit_tag\" value=\"wpcf7-f109-o1\" \/>\n<input type=\"hidden\" name=\"_wpcf7_container_post\" value=\"0\" \/>\n<input type=\"hidden\" name=\"_wpcf7_posted_data_hash\" value=\"\" \/>\n<\/div>\n<div class=\"flex-row form-flat medium-flex-wrap\">\n<div class=\"flex-col flex-grow\">\n    \t<span class=\"wpcf7-form-control-wrap\" data-name=\"your-email\"><input type=\"email\" name=\"your-email\" value=\"\" size=\"40\" class=\"wpcf7-form-control wpcf7-text wpcf7-email wpcf7-validates-as-required wpcf7-validates-as-email\" aria-required=\"true\" aria-invalid=\"false\" placeholder=\"V\u00e1\u0161 e-mail (vy\u017eadov\u00e1no)\" \/><\/span>\n    <\/div>\n<div class=\"flex-col ml-half\">\n    \t<input type=\"submit\" value=\"P\u0159ihl\u00e1si\u0165 sa na odber Newsletteru\" class=\"wpcf7-form-control has-spinner wpcf7-submit button\" \/>\n    <\/div>\n<\/div>\n<div class=\"wpcf7-response-output\" aria-hidden=\"true\"><\/div><\/form><\/div>\n\n\n              <\/div>\n           <\/div><!-- text-box-inner -->\n                            \n<style scope=\"scope\">\n\n#text-box-2031304874 {\n  width: 60%;\n}\n#text-box-2031304874 .text {\n  font-size: 100%;\n}\n\n\n@media (min-width:550px) {\n\n  #text-box-2031304874 {\n    width: 56%;\n  }\n\n}\n<\/style>\n    <\/div><!-- text-box -->\n \n\n        <\/div><!-- .banner-layers -->\n      <\/div><!-- .banner-inner -->\n\n            \n<style scope=\"scope\">\n\n#banner-30502697 {\n  padding-top: 266px;\n}\n#banner-30502697 .bg.bg-loaded {\n  background-image: url(https:\/\/enviroglobal.cz\/sk\/wp-content\/uploads\/sites\/2\/2019\/03\/568475-PLBYAD-769-1024x538.jpg);\n}\n#banner-30502697 .overlay {\n  background-color: rgba(0, 0, 0, 0.31);\n}\n#banner-30502697 .bg {\n  background-position: 5% 26%;\n}\n<\/style>\n  <\/div><!-- .banner -->\n\n\n\t<section class=\"section\" id=\"section_1110651493\">\n\t\t<div class=\"bg section-bg fill bg-fill  \" >\n\n\t\t\t\n\t\t\t<div class=\"section-bg-overlay absolute fill\"><\/div>\n\t\t\t\n\n\t\t<\/div><!-- .section-bg -->\n\n\t\t<div class=\"section-content relative\">\n\t\t\t\n\n<div class=\"row row-large\"  id=\"row-477221566\">\n\n<div class=\"col medium-6 small-12 large-6\"  ><div class=\"col-inner\"  >\n\n\n  <div class=\"banner has-hover\" id=\"banner-1303417676\">\n          <div class=\"banner-inner fill\">\n        <div class=\"banner-bg fill\" >\n            <div class=\"bg fill bg-fill \"><\/div>\n                                    \n                    <\/div><!-- bg-layers -->\n        <div class=\"banner-layers container\">\n            <div class=\"fill banner-link\"><\/div>            \n\n   <div id=\"text-box-401403994\" class=\"text-box banner-layer x50 md-x50 lg-x50 y5 md-y5 lg-y5 res-text\">\n                                <div class=\"text dark\">\n              \n              <div class=\"text-inner text-center\">\n                  \n\n<div class=\"line-header\">\n<h4 class=\"uppercase\">kancel\u00e1ria:\u00a0<\/h4>\n<\/div>\n<p><strong>ENVIROGLOBAL s.r.o.<\/strong><br \/>are\u00e1l V\u00daKOZ, v.v.i., Kv\u011btnov\u00e9 n\u00e1m. 391, 252 43\u00a0 Pr\u016fhonice, \u010cR<\/p>\n<p>(V\u00daKOZ, v.v.i. &#8211; V\u00fdzkumn\u00fd \u00fastav Silva Taroucy pro krajinu a okrasn\u00e9 zahradnictv\u00ed)<\/p>\n<p>\u00a0<\/p>\n<h4><strong>+420 777 415 675\u00a0\u00a0\u00a0 sales@enviroglobal.cz<\/strong><\/h4>\n<div class=\"line-header\">\n<h4>\u00a0<\/h4>\n<h4 class=\"uppercase\">Faktura\u010dn\u00e1 adresa:<\/h4>\n<\/div>\n<p>Ja\u017elovick\u00e1 1332\/8, 149 00\u00a0 Praha 4 &#8211; Chodov<\/p>\n<p>\u010cR<\/p>\n<p>I\u010c: 03686868 \u00a0 DI\u010c: CZ03686868<\/p>\n<p>OR: M\u011bstsk\u00fd soud v Praze odd. C, vlo\u017eka 236465<br \/>ID datov\u00e9 schr\u00e1nky: wdnuqkv<\/p>\n<p>\u00a0<\/p>\n<p>\u010d.\u00fa. v CZK: 2100835784\/2010<\/p>\n<p>\u010d.\u00fa. v EUR: 2300835789\/2010\u00a0<\/p>\n\n              <\/div>\n           <\/div><!-- text-box-inner -->\n                            \n<style scope=\"scope\">\n\n#text-box-401403994 {\n  width: 85%;\n}\n#text-box-401403994 .text {\n  font-size: 95%;\n}\n\n\n@media (min-width:550px) {\n\n  #text-box-401403994 .text {\n    font-size: 122%;\n  }\n\n}\n<\/style>\n    <\/div><!-- text-box -->\n \n\n        <\/div><!-- .banner-layers -->\n      <\/div><!-- .banner-inner -->\n\n            \n<style scope=\"scope\">\n\n#banner-1303417676 {\n  padding-top: 447px;\n  background-color: #7a9c59;\n}\n\n\n@media (min-width:550px) {\n\n  #banner-1303417676 {\n    padding-top: 692px;\n  }\n\n}\n<\/style>\n  <\/div><!-- .banner -->\n\n\n\n<\/div><\/div>\n<div class=\"col medium-6 small-12 large-6\"  ><div class=\"col-inner\"  >\n\n\n  <div class=\"banner has-hover\" id=\"banner-1783270980\">\n          <div class=\"banner-inner fill\">\n        <div class=\"banner-bg fill\" >\n            <div class=\"bg fill bg-fill \"><\/div>\n                                    \n                    <\/div><!-- bg-layers -->\n        <div class=\"banner-layers container\">\n            <div class=\"fill banner-link\"><\/div>            \n\n   <div id=\"text-box-945000917\" class=\"text-box banner-layer x50 md-x50 lg-x50 y5 md-y5 lg-y5 res-text\">\n                                <div class=\"text \">\n              \n              <div class=\"text-inner text-center\">\n                  \n\n<h4><span style=\"font-size: 150%;\"><strong><span class=\"tlid-translation translation\" lang=\"sk\"><span title=\"\">Nev\u00e1hajte<\/span> <span title=\"\">n\u00e1m<\/span> <span class=\"\" title=\"\">nap\u00edsa\u0165<\/span> <span class=\"\" title=\"\">svoju po\u017eiadavku<\/span><span title=\"\">,<\/span> <span title=\"\">pr\u00edpadne<\/span> <span title=\"\">prilo\u017ete<\/span> <span class=\"\" title=\"\">s\u00fabor<\/span><span class=\"\" title=\"\">(<\/span><span title=\"\">y<\/span><span class=\"\" title=\"\">)<\/span> <span class=\"\" title=\"\">a<\/span> <span class=\"\" title=\"\">odo\u0161lite<\/span> <span title=\"\">n\u00e1m tento<\/span> <span class=\"\" title=\"\">formul\u00e1r<\/span><span title=\"\">:<\/span><\/span><\/strong><\/span><\/h4>\n<div class=\"is-divider divider clearfix\" style=\"max-width:355px;\"><\/div><!-- .divider -->\n\n<div role=\"form\" class=\"wpcf7\" id=\"wpcf7-f107-o2\" lang=\"en-US\" dir=\"ltr\">\n<div class=\"screen-reader-response\"><p role=\"status\" aria-live=\"polite\" aria-atomic=\"true\"><\/p> <ul><\/ul><\/div>\n<form action=\"\/sk\/wp-json\/wp\/v2\/pages\/31#wpcf7-f107-o2\" method=\"post\" class=\"wpcf7-form init\" enctype=\"multipart\/form-data\" novalidate=\"novalidate\" data-status=\"init\">\n<div style=\"display: none;\">\n<input type=\"hidden\" name=\"_wpcf7\" value=\"107\" \/>\n<input type=\"hidden\" name=\"_wpcf7_version\" value=\"5.6.4\" \/>\n<input type=\"hidden\" name=\"_wpcf7_locale\" value=\"en_US\" \/>\n<input type=\"hidden\" name=\"_wpcf7_unit_tag\" value=\"wpcf7-f107-o2\" \/>\n<input type=\"hidden\" name=\"_wpcf7_container_post\" value=\"0\" \/>\n<input type=\"hidden\" name=\"_wpcf7_posted_data_hash\" value=\"\" \/>\n<\/div>\n<p><label> Va\u0161e meno a priezvisko: (*)<br \/>\n    <span class=\"wpcf7-form-control-wrap\" data-name=\"your-name\"><input type=\"text\" name=\"your-name\" value=\"\" size=\"40\" class=\"wpcf7-form-control wpcf7-text wpcf7-validates-as-required\" aria-required=\"true\" aria-invalid=\"false\" \/><\/span><\/p>\n<p><label> In\u0161tit\u00facia \/ firma \/ spolo\u010dnos\u0165: (*)<br \/>\n    <span class=\"wpcf7-form-control-wrap\" data-name=\"your-institut\"><input type=\"text\" name=\"your-institut\" value=\"\" size=\"40\" class=\"wpcf7-form-control wpcf7-text\" aria-invalid=\"false\" \/><\/span><\/p>\n<p><label> V\u00e1\u0161 e-mail: (*)<br \/>\n    <span class=\"wpcf7-form-control-wrap\" data-name=\"your-email\"><input type=\"email\" name=\"your-email\" value=\"\" size=\"40\" class=\"wpcf7-form-control wpcf7-text wpcf7-email wpcf7-validates-as-required wpcf7-validates-as-email\" aria-required=\"true\" aria-invalid=\"false\" \/><\/span><\/p>\n<p><label> V\u00e1\u0161 telef\u00f3n: (*)<br \/>\n<span class=\"wpcf7-form-control-wrap\" data-name=\"tel-788\"><input type=\"tel\" name=\"tel-788\" value=\"\" size=\"40\" class=\"wpcf7-form-control wpcf7-text wpcf7-tel wpcf7-validates-as-required wpcf7-validates-as-tel\" aria-required=\"true\" aria-invalid=\"false\" \/><\/span><\/p>\n<p><label> Va\u0161a spr\u00e1va:<br \/>\n    <span class=\"wpcf7-form-control-wrap\" data-name=\"your-message\"><textarea name=\"your-message\" cols=\"40\" rows=\"10\" class=\"wpcf7-form-control wpcf7-textarea\" aria-invalid=\"false\"><\/textarea><\/span><\/p>\n<p><span class=\"wpcf7-form-control-wrap\" data-name=\"file-729\"><input type=\"file\" name=\"file-729\" size=\"40\" class=\"wpcf7-form-control wpcf7-file\" accept=\"audio\/*,video\/*,image\/*\" aria-invalid=\"false\" \/><\/span><br \/>\n<span class=\"wpcf7-form-control-wrap\" data-name=\"file-184\"><input type=\"file\" name=\"file-184\" size=\"40\" class=\"wpcf7-form-control wpcf7-file\" accept=\"audio\/*,video\/*,image\/*\" aria-invalid=\"false\" \/><\/span><\/p>\n<p><input type=\"submit\" value=\"Odosla\u0165\" class=\"wpcf7-form-control has-spinner wpcf7-submit\" \/><\/p>\n<div class=\"wpcf7-response-output\" aria-hidden=\"true\"><\/div><\/form><\/div>\n\n<\/p>\n\n              <\/div>\n           <\/div><!-- text-box-inner -->\n                            \n<style scope=\"scope\">\n\n#text-box-945000917 {\n  width: 81%;\n}\n#text-box-945000917 .text {\n  font-size: 100%;\n}\n\n\n@media (min-width:550px) {\n\n  #text-box-945000917 {\n    width: 89%;\n  }\n\n}\n<\/style>\n    <\/div><!-- text-box -->\n \n\n        <\/div><!-- .banner-layers -->\n      <\/div><!-- .banner-inner -->\n\n            \n<style scope=\"scope\">\n\n#banner-1783270980 {\n  padding-top: 353px;\n  background-color: rgba(255, 255, 255, 0.69);\n}\n\n\n@media (min-width:550px) {\n\n  #banner-1783270980 {\n    padding-top: 692px;\n  }\n\n}\n<\/style>\n  <\/div><!-- .banner -->\n\n\n\n<\/div><\/div>\n\n\n<style scope=\"scope\">\n\n<\/style>\n<\/div>\n\n\t\t<\/div><!-- .section-content -->\n\n\t\t\n<style scope=\"scope\">\n\n#section_1110651493 {\n  padding-top: 0px;\n  padding-bottom: 0px;\n}\n#section_1110651493 .section-bg-overlay {\n  background-color: rgba(0, 0, 0, 0.62);\n}\n#section_1110651493 .section-bg.bg-loaded {\n  background-image: url(https:\/\/enviroglobal.cz\/sk\/wp-content\/uploads\/sites\/2\/2019\/03\/AdobeStock_199850553.jpg);\n}\n#section_1110651493 .section-bg {\n  background-position: 64% 68%;\n}\n\n\n@media (min-width:550px) {\n\n  #section_1110651493 {\n    padding-top: 80px;\n    padding-bottom: 80px;\n  }\n\n}\n<\/style>\n\t<\/section>\n\t\n\n","protected":false},"excerpt":{"rendered":"","protected":false},"author":1,"featured_media":0,"parent":0,"menu_order":0,"comment_status":"closed","ping_status":"closed","template":"page-blank.php","meta":{"_mi_skip_tracking":false},"yoast_head":"<!-- This site is optimized with the Yoast SEO plugin v19.10 - https:\/\/yoast.com\/wordpress\/plugins\/seo\/ -->\n<title>Kontakt - Enviroglobal SK<\/title>\n<meta name=\"robots\" content=\"index, follow, max-snippet:-1, max-image-preview:large, max-video-preview:-1\" \/>\n<link rel=\"canonical\" href=\"https:\/\/enviroglobal.cz\/sk\/kontakt\/\" \/>\n<meta property=\"og:locale\" content=\"cs_CZ\" \/>\n<meta property=\"og:type\" content=\"article\" \/>\n<meta property=\"og:title\" content=\"Kontakt - Enviroglobal SK\" \/>\n<meta property=\"og:url\" content=\"https:\/\/enviroglobal.cz\/sk\/kontakt\/\" \/>\n<meta property=\"og:site_name\" content=\"Enviroglobal SK\" \/>\n<meta property=\"article:modified_time\" content=\"2022-11-23T02:54:35+00:00\" \/>\n<meta name=\"twitter:card\" content=\"summary_large_image\" \/>\n<meta name=\"twitter:label1\" content=\"Odhadovan\u00e1 doba \u010dten\u00ed\" \/>\n\t<meta name=\"twitter:data1\" content=\"1 minuta\" \/>\n<script type=\"application\/ld+json\" class=\"yoast-schema-graph\">{\"@context\":\"https:\/\/schema.org\",\"@graph\":[{\"@type\":\"WebPage\",\"@id\":\"https:\/\/enviroglobal.cz\/sk\/kontakt\/\",\"url\":\"https:\/\/enviroglobal.cz\/sk\/kontakt\/\",\"name\":\"Kontakt - Enviroglobal SK\",\"isPartOf\":{\"@id\":\"https:\/\/enviroglobal.cz\/sk\/#website\"},\"datePublished\":\"2019-03-14T19:08:19+00:00\",\"dateModified\":\"2022-11-23T02:54:35+00:00\",\"breadcrumb\":{\"@id\":\"https:\/\/enviroglobal.cz\/sk\/kontakt\/#breadcrumb\"},\"inLanguage\":\"cs\",\"potentialAction\":[{\"@type\":\"ReadAction\",\"target\":[\"https:\/\/enviroglobal.cz\/sk\/kontakt\/\"]}]},{\"@type\":\"BreadcrumbList\",\"@id\":\"https:\/\/enviroglobal.cz\/sk\/kontakt\/#breadcrumb\",\"itemListElement\":[{\"@type\":\"ListItem\",\"position\":1,\"name\":\"Home\",\"item\":\"https:\/\/enviroglobal.cz\/sk\/\"},{\"@type\":\"ListItem\",\"position\":2,\"name\":\"Kontakt\"}]},{\"@type\":\"WebSite\",\"@id\":\"https:\/\/enviroglobal.cz\/sk\/#website\",\"url\":\"https:\/\/enviroglobal.cz\/sk\/\",\"name\":\"Enviroglobal SK\",\"description\":\"Pr\u00edstroje a vybavenie pre environment\u00e1lny monitoring\",\"potentialAction\":[{\"@type\":\"SearchAction\",\"target\":{\"@type\":\"EntryPoint\",\"urlTemplate\":\"https:\/\/enviroglobal.cz\/sk\/?s={search_term_string}\"},\"query-input\":\"required name=search_term_string\"}],\"inLanguage\":\"cs\"}]}<\/script>\n<!-- \/ Yoast SEO plugin. -->","yoast_head_json":{"title":"Kontakt - Enviroglobal SK","robots":{"index":"index","follow":"follow","max-snippet":"max-snippet:-1","max-image-preview":"max-image-preview:large","max-video-preview":"max-video-preview:-1"},"canonical":"https:\/\/enviroglobal.cz\/sk\/kontakt\/","og_locale":"cs_CZ","og_type":"article","og_title":"Kontakt - Enviroglobal SK","og_url":"https:\/\/enviroglobal.cz\/sk\/kontakt\/","og_site_name":"Enviroglobal SK","article_modified_time":"2022-11-23T02:54:35+00:00","twitter_card":"summary_large_image","twitter_misc":{"Odhadovan\u00e1 doba \u010dten\u00ed":"1 minuta"},"schema":{"@context":"https:\/\/schema.org","@graph":[{"@type":"WebPage","@id":"https:\/\/enviroglobal.cz\/sk\/kontakt\/","url":"https:\/\/enviroglobal.cz\/sk\/kontakt\/","name":"Kontakt - Enviroglobal SK","isPartOf":{"@id":"https:\/\/enviroglobal.cz\/sk\/#website"},"datePublished":"2019-03-14T19:08:19+00:00","dateModified":"2022-11-23T02:54:35+00:00","breadcrumb":{"@id":"https:\/\/enviroglobal.cz\/sk\/kontakt\/#breadcrumb"},"inLanguage":"cs","potentialAction":[{"@type":"ReadAction","target":["https:\/\/enviroglobal.cz\/sk\/kontakt\/"]}]},{"@type":"BreadcrumbList","@id":"https:\/\/enviroglobal.cz\/sk\/kontakt\/#breadcrumb","itemListElement":[{"@type":"ListItem","position":1,"name":"Home","item":"https:\/\/enviroglobal.cz\/sk\/"},{"@type":"ListItem","position":2,"name":"Kontakt"}]},{"@type":"WebSite","@id":"https:\/\/enviroglobal.cz\/sk\/#website","url":"https:\/\/enviroglobal.cz\/sk\/","name":"Enviroglobal SK","description":"Pr\u00edstroje a vybavenie pre environment\u00e1lny monitoring","potentialAction":[{"@type":"SearchAction","target":{"@type":"EntryPoint","urlTemplate":"https:\/\/enviroglobal.cz\/sk\/?s={search_term_string}"},"query-input":"required name=search_term_string"}],"inLanguage":"cs"}]}},"_links":{"self":[{"href":"https:\/\/enviroglobal.cz\/sk\/wp-json\/wp\/v2\/pages\/31"}],"collection":[{"href":"https:\/\/enviroglobal.cz\/sk\/wp-json\/wp\/v2\/pages"}],"about":[{"href":"https:\/\/enviroglobal.cz\/sk\/wp-json\/wp\/v2\/types\/page"}],"author":[{"embeddable":true,"href":"https:\/\/enviroglobal.cz\/sk\/wp-json\/wp\/v2\/users\/1"}],"replies":[{"embeddable":true,"href":"https:\/\/enviroglobal.cz\/sk\/wp-json\/wp\/v2\/comments?post=31"}],"version-history":[{"count":18,"href":"https:\/\/enviroglobal.cz\/sk\/wp-json\/wp\/v2\/pages\/31\/revisions"}],"predecessor-version":[{"id":158,"href":"https:\/\/enviroglobal.cz\/sk\/wp-json\/wp\/v2\/pages\/31\/revisions\/158"}],"wp:attachment":[{"href":"https:\/\/enviroglobal.cz\/sk\/wp-json\/wp\/v2\/media?parent=31"}],"curies":[{"name":"wp","href":"https:\/\/api.w.org\/{rel}","templated":true}]}}