{"id":23,"date":"2019-03-14T19:08:19","date_gmt":"2019-03-14T19:08:19","guid":{"rendered":"https:\/\/enviroglobal.cz\/sk\/?page_id=23"},"modified":"2019-03-14T20:59:42","modified_gmt":"2019-03-14T20:59:42","slug":"puda-pedologie","status":"publish","type":"page","link":"https:\/\/enviroglobal.cz\/sk\/puda-pedologie\/","title":{"rendered":"P\u00f4da, pedol\u00f3gia a s\u00fapravy pre v\u0155tanie"},"content":{"rendered":"","protected":false},"excerpt":{"rendered":"","protected":false},"author":1,"featured_media":0,"parent":0,"menu_order":0,"comment_status":"closed","ping_status":"closed","template":"","meta":{"_mi_skip_tracking":false},"yoast_head":"<!-- This site is optimized with the Yoast SEO plugin v19.10 - https:\/\/yoast.com\/wordpress\/plugins\/seo\/ -->\n<title>P\u00f4da, pedol\u00f3gia a s\u00fapravy pre v\u0155tanie - Enviroglobal SK<\/title>\n<meta name=\"robots\" content=\"index, follow, max-snippet:-1, max-image-preview:large, max-video-preview:-1\" \/>\n<link rel=\"canonical\" href=\"https:\/\/enviroglobal.cz\/sk\/puda-pedologie\/\" \/>\n<meta property=\"og:locale\" content=\"cs_CZ\" \/>\n<meta property=\"og:type\" content=\"article\" \/>\n<meta property=\"og:title\" content=\"P\u00f4da, pedol\u00f3gia a s\u00fapravy pre v\u0155tanie - Enviroglobal SK\" \/>\n<meta property=\"og:url\" content=\"https:\/\/enviroglobal.cz\/sk\/puda-pedologie\/\" \/>\n<meta property=\"og:site_name\" content=\"Enviroglobal SK\" \/>\n<meta property=\"article:modified_time\" content=\"2019-03-14T20:59:42+00:00\" \/>\n<meta name=\"twitter:card\" content=\"summary_large_image\" \/>\n<script type=\"application\/ld+json\" class=\"yoast-schema-graph\">{\"@context\":\"https:\/\/schema.org\",\"@graph\":[{\"@type\":\"WebPage\",\"@id\":\"https:\/\/enviroglobal.cz\/sk\/puda-pedologie\/\",\"url\":\"https:\/\/enviroglobal.cz\/sk\/puda-pedologie\/\",\"name\":\"P\u00f4da, pedol\u00f3gia a s\u00fapravy pre v\u0155tanie - Enviroglobal SK\",\"isPartOf\":{\"@id\":\"https:\/\/enviroglobal.cz\/sk\/#website\"},\"datePublished\":\"2019-03-14T19:08:19+00:00\",\"dateModified\":\"2019-03-14T20:59:42+00:00\",\"breadcrumb\":{\"@id\":\"https:\/\/enviroglobal.cz\/sk\/puda-pedologie\/#breadcrumb\"},\"inLanguage\":\"cs\",\"potentialAction\":[{\"@type\":\"ReadAction\",\"target\":[\"https:\/\/enviroglobal.cz\/sk\/puda-pedologie\/\"]}]},{\"@type\":\"BreadcrumbList\",\"@id\":\"https:\/\/enviroglobal.cz\/sk\/puda-pedologie\/#breadcrumb\",\"itemListElement\":[{\"@type\":\"ListItem\",\"position\":1,\"name\":\"Home\",\"item\":\"https:\/\/enviroglobal.cz\/sk\/\"},{\"@type\":\"ListItem\",\"position\":2,\"name\":\"P\u00f4da, pedol\u00f3gia a s\u00fapravy pre v\u0155tanie\"}]},{\"@type\":\"WebSite\",\"@id\":\"https:\/\/enviroglobal.cz\/sk\/#website\",\"url\":\"https:\/\/enviroglobal.cz\/sk\/\",\"name\":\"Enviroglobal SK\",\"description\":\"Pr\u00edstroje a vybavenie pre environment\u00e1lny monitoring\",\"potentialAction\":[{\"@type\":\"SearchAction\",\"target\":{\"@type\":\"EntryPoint\",\"urlTemplate\":\"https:\/\/enviroglobal.cz\/sk\/?s={search_term_string}\"},\"query-input\":\"required name=search_term_string\"}],\"inLanguage\":\"cs\"}]}<\/script>\n<!-- \/ Yoast SEO plugin. -->","yoast_head_json":{"title":"P\u00f4da, pedol\u00f3gia a s\u00fapravy pre v\u0155tanie - Enviroglobal SK","robots":{"index":"index","follow":"follow","max-snippet":"max-snippet:-1","max-image-preview":"max-image-preview:large","max-video-preview":"max-video-preview:-1"},"canonical":"https:\/\/enviroglobal.cz\/sk\/puda-pedologie\/","og_locale":"cs_CZ","og_type":"article","og_title":"P\u00f4da, pedol\u00f3gia a s\u00fapravy pre v\u0155tanie - Enviroglobal SK","og_url":"https:\/\/enviroglobal.cz\/sk\/puda-pedologie\/","og_site_name":"Enviroglobal SK","article_modified_time":"2019-03-14T20:59:42+00:00","twitter_card":"summary_large_image","schema":{"@context":"https:\/\/schema.org","@graph":[{"@type":"WebPage","@id":"https:\/\/enviroglobal.cz\/sk\/puda-pedologie\/","url":"https:\/\/enviroglobal.cz\/sk\/puda-pedologie\/","name":"P\u00f4da, pedol\u00f3gia a s\u00fapravy pre v\u0155tanie - Enviroglobal SK","isPartOf":{"@id":"https:\/\/enviroglobal.cz\/sk\/#website"},"datePublished":"2019-03-14T19:08:19+00:00","dateModified":"2019-03-14T20:59:42+00:00","breadcrumb":{"@id":"https:\/\/enviroglobal.cz\/sk\/puda-pedologie\/#breadcrumb"},"inLanguage":"cs","potentialAction":[{"@type":"ReadAction","target":["https:\/\/enviroglobal.cz\/sk\/puda-pedologie\/"]}]},{"@type":"BreadcrumbList","@id":"https:\/\/enviroglobal.cz\/sk\/puda-pedologie\/#breadcrumb","itemListElement":[{"@type":"ListItem","position":1,"name":"Home","item":"https:\/\/enviroglobal.cz\/sk\/"},{"@type":"ListItem","position":2,"name":"P\u00f4da, pedol\u00f3gia a s\u00fapravy pre v\u0155tanie"}]},{"@type":"WebSite","@id":"https:\/\/enviroglobal.cz\/sk\/#website","url":"https:\/\/enviroglobal.cz\/sk\/","name":"Enviroglobal SK","description":"Pr\u00edstroje a vybavenie pre environment\u00e1lny monitoring","potentialAction":[{"@type":"SearchAction","target":{"@type":"EntryPoint","urlTemplate":"https:\/\/enviroglobal.cz\/sk\/?s={search_term_string}"},"query-input":"required name=search_term_string"}],"inLanguage":"cs"}]}},"_links":{"self":[{"href":"https:\/\/enviroglobal.cz\/sk\/wp-json\/wp\/v2\/pages\/23"}],"collection":[{"href":"https:\/\/enviroglobal.cz\/sk\/wp-json\/wp\/v2\/pages"}],"about":[{"href":"https:\/\/enviroglobal.cz\/sk\/wp-json\/wp\/v2\/types\/page"}],"author":[{"embeddable":true,"href":"https:\/\/enviroglobal.cz\/sk\/wp-json\/wp\/v2\/users\/1"}],"replies":[{"embeddable":true,"href":"https:\/\/enviroglobal.cz\/sk\/wp-json\/wp\/v2\/comments?post=23"}],"version-history":[{"count":3,"href":"https:\/\/enviroglobal.cz\/sk\/wp-json\/wp\/v2\/pages\/23\/revisions"}],"predecessor-version":[{"id":78,"href":"https:\/\/enviroglobal.cz\/sk\/wp-json\/wp\/v2\/pages\/23\/revisions\/78"}],"wp:attachment":[{"href":"https:\/\/enviroglobal.cz\/sk\/wp-json\/wp\/v2\/media?parent=23"}],"curies":[{"name":"wp","href":"https:\/\/api.w.org\/{rel}","templated":true}]}}