{"id":27,"date":"2019-03-14T18:41:06","date_gmt":"2019-03-14T18:41:06","guid":{"rendered":"https:\/\/enviroglobal.cz\/en\/?page_id=27"},"modified":"2022-11-23T02:53:32","modified_gmt":"2022-11-23T02:53:32","slug":"contact","status":"publish","type":"page","link":"https:\/\/enviroglobal.cz\/en\/contact\/","title":{"rendered":"Contact"},"content":{"rendered":"\n\n  <div class=\"banner has-hover\" id=\"banner-1330429227\">\n          <div class=\"banner-inner fill\">\n        <div class=\"banner-bg fill\" >\n            <div class=\"bg fill bg-fill \"><\/div>\n                        <div class=\"overlay\"><\/div>            \n                    <\/div><!-- bg-layers -->\n        <div class=\"banner-layers container\">\n            <div class=\"fill banner-link\"><\/div>            \n\n   <div id=\"text-box-807185518\" class=\"text-box banner-layer x100 md-x100 lg-x100 y50 md-y50 lg-y50 res-text\">\n                                <div class=\"text dark\">\n              \n              <div class=\"text-inner text-center\">\n                  \n\n<a rel=\"noopener noreferrer\" class=\"button white is-outline\"  >\n  <i class=\"icon-phone\" ><\/i>  <span>+420 777 415 675<\/span>\n  <\/a>\n\n\n<a href=\"http:\/\/sales@enviroglobal.cz\" target=\"_self\" class=\"button white is-outline lowercase\"  >\n  <i class=\"icon-envelop\" ><\/i>  <span>sales@enviroglobal.cz<\/span>\n  <\/a>\n\n\n<div class=\"gap-element clearfix\" style=\"display:block; height:auto; padding-top:18px\"><\/div>\n\n<div role=\"form\" class=\"wpcf7\" id=\"wpcf7-f116-o1\" lang=\"en-US\" dir=\"ltr\">\n<div class=\"screen-reader-response\"><p role=\"status\" aria-live=\"polite\" aria-atomic=\"true\"><\/p> <ul><\/ul><\/div>\n<form action=\"\/en\/wp-json\/wp\/v2\/pages\/27#wpcf7-f116-o1\" method=\"post\" class=\"wpcf7-form init\" novalidate=\"novalidate\" data-status=\"init\">\n<div style=\"display: none;\">\n<input type=\"hidden\" name=\"_wpcf7\" value=\"116\" \/>\n<input type=\"hidden\" name=\"_wpcf7_version\" value=\"5.6.4\" \/>\n<input type=\"hidden\" name=\"_wpcf7_locale\" value=\"en_US\" \/>\n<input type=\"hidden\" name=\"_wpcf7_unit_tag\" value=\"wpcf7-f116-o1\" \/>\n<input type=\"hidden\" name=\"_wpcf7_container_post\" value=\"0\" \/>\n<input type=\"hidden\" name=\"_wpcf7_posted_data_hash\" value=\"\" \/>\n<\/div>\n<div class=\"flex-row form-flat medium-flex-wrap\">\n<div class=\"flex-col flex-grow\">\n    \t<span class=\"wpcf7-form-control-wrap\" data-name=\"your-email\"><input type=\"email\" name=\"your-email\" value=\"\" size=\"40\" class=\"wpcf7-form-control wpcf7-text wpcf7-email wpcf7-validates-as-required wpcf7-validates-as-email\" aria-required=\"true\" aria-invalid=\"false\" placeholder=\"Your Email (requested)\" \/><\/span>\n    <\/div>\n<div class=\"flex-col ml-half\">\n    \t<input type=\"submit\" value=\"Sign Up\" class=\"wpcf7-form-control has-spinner wpcf7-submit button\" \/>\n    <\/div>\n<\/div>\n<div class=\"wpcf7-response-output\" aria-hidden=\"true\"><\/div><\/form><\/div>\n\n\n              <\/div>\n           <\/div><!-- text-box-inner -->\n                            \n<style scope=\"scope\">\n\n#text-box-807185518 {\n  width: 60%;\n}\n#text-box-807185518 .text {\n  font-size: 100%;\n}\n\n\n@media (min-width:550px) {\n\n  #text-box-807185518 {\n    width: 56%;\n  }\n\n}\n<\/style>\n    <\/div><!-- text-box -->\n \n\n        <\/div><!-- .banner-layers -->\n      <\/div><!-- .banner-inner -->\n\n            \n<style scope=\"scope\">\n\n#banner-1330429227 {\n  padding-top: 266px;\n}\n#banner-1330429227 .bg.bg-loaded {\n  background-image: url(https:\/\/enviroglobal.cz\/en\/wp-content\/uploads\/sites\/3\/2019\/03\/568475-PLBYAD-769-1024x538.jpg);\n}\n#banner-1330429227 .overlay {\n  background-color: rgba(0, 0, 0, 0.31);\n}\n#banner-1330429227 .bg {\n  background-position: 5% 26%;\n}\n<\/style>\n  <\/div><!-- .banner -->\n\n\n\t<section class=\"section\" id=\"section_7363804\">\n\t\t<div class=\"bg section-bg fill bg-fill  \" >\n\n\t\t\t\n\t\t\t<div class=\"section-bg-overlay absolute fill\"><\/div>\n\t\t\t\n\n\t\t<\/div><!-- .section-bg -->\n\n\t\t<div class=\"section-content relative\">\n\t\t\t\n\n<div class=\"row row-large\"  id=\"row-2056812529\">\n\n<div class=\"col medium-6 small-12 large-6\"  ><div class=\"col-inner\"  >\n\n\n  <div class=\"banner has-hover\" id=\"banner-1700088858\">\n          <div class=\"banner-inner fill\">\n        <div class=\"banner-bg fill\" >\n            <div class=\"bg fill bg-fill \"><\/div>\n                                    \n                    <\/div><!-- bg-layers -->\n        <div class=\"banner-layers container\">\n            <div class=\"fill banner-link\"><\/div>            \n\n   <div id=\"text-box-408229242\" class=\"text-box banner-layer x50 md-x50 lg-x50 y5 md-y5 lg-y5 res-text\">\n                                <div class=\"text dark\">\n              \n              <div class=\"text-inner text-center\">\n                  \n\n<div class=\"line-header\">\n<h4 class=\"uppercase\">Contact address \u2013 office:<\/h4>\n<\/div>\n<p><strong>ENVIROGLOBAL s.r.o.<\/strong><br \/>are\u00e1l V\u00daKOZ, v.v.i., Kv\u011btnov\u00e9 n\u00e1m. 391<br \/>252 43\u00a0 Pr\u016fhonice, Czech Republic<\/p>\n<p>(V\u00daKOZ, v.v.i. &#8211; The Silva Tarouca Research Institute for Landscape and Ornamental Gardening)<\/p>\n<p>\u00a0<\/p>\n<div class=\"line-header\">\n<h4><strong><span style=\"font-size: 100%;\">+420 777 415 675 \u00a0 sales@enviroglobal.cz<\/span><\/strong><\/h4>\n<p>\u00a0<\/p>\n<h4 class=\"uppercase\">Registered address &#8211; Invoicing:<\/h4>\n<\/div>\n<p><strong>ENVIROGLOBAL s.r.o.<\/strong><br \/>Ja\u017elovick\u00e1 1332\/8, 149 00\u00a0 Praha 4 &#8211; Chodov<br \/>Czech Republic<\/p>\n<p>VAT No.: CZ03686868<\/p>\n<p>Bussines registration: M\u011bstsk\u00fd soud v Praze odd. C, vlo\u017eka 236465<\/p>\n<p>\u00a0<\/p>\n<p>Account No. EUR:\u00a0 2300835789\/2010<\/p>\n<p>IBAN:\u00a0\u00a0\u00a0 CZ8820100000002300835789<\/p>\n<p>BIC\/SWIFT:\u00a0 FIOBCZPPXXX<\/p>\n\n              <\/div>\n           <\/div><!-- text-box-inner -->\n                            \n<style scope=\"scope\">\n\n#text-box-408229242 {\n  width: 96%;\n}\n#text-box-408229242 .text {\n  font-size: 95%;\n}\n\n\n@media (min-width:550px) {\n\n  #text-box-408229242 .text {\n    font-size: 122%;\n  }\n\n}\n<\/style>\n    <\/div><!-- text-box -->\n \n\n        <\/div><!-- .banner-layers -->\n      <\/div><!-- .banner-inner -->\n\n            \n<style scope=\"scope\">\n\n#banner-1700088858 {\n  padding-top: 447px;\n  background-color: #7a9c59;\n}\n\n\n@media (min-width:550px) {\n\n  #banner-1700088858 {\n    padding-top: 692px;\n  }\n\n}\n<\/style>\n  <\/div><!-- .banner -->\n\n\n\n<\/div><\/div>\n<div class=\"col medium-6 small-12 large-6\"  ><div class=\"col-inner\"  >\n\n\n  <div class=\"banner has-hover\" id=\"banner-1968626677\">\n          <div class=\"banner-inner fill\">\n        <div class=\"banner-bg fill\" >\n            <div class=\"bg fill bg-fill \"><\/div>\n                                    \n                    <\/div><!-- bg-layers -->\n        <div class=\"banner-layers container\">\n            <div class=\"fill banner-link\"><\/div>            \n\n   <div id=\"text-box-1982274922\" class=\"text-box banner-layer x50 md-x50 lg-x50 y5 md-y5 lg-y5 res-text\">\n                                <div class=\"text \">\n              \n              <div class=\"text-inner text-center\">\n                  \n\n<h4><span style=\"font-size: 140%;\">Please send us your request, <span class=\"tlid-translation translation\" lang=\"en\"><span class=\"\" title=\"\">optionally attach a file(s) and submit this form to us<\/span><\/span>:<\/span><\/h4>\n<div class=\"is-divider divider clearfix\" style=\"max-width:328px;\"><\/div><!-- .divider -->\n\n<div class=\"gap-element clearfix\" style=\"display:block; height:auto; padding-top:30px\"><\/div>\n\n<div role=\"form\" class=\"wpcf7\" id=\"wpcf7-f113-o2\" lang=\"en-US\" dir=\"ltr\">\n<div class=\"screen-reader-response\"><p role=\"status\" aria-live=\"polite\" aria-atomic=\"true\"><\/p> <ul><\/ul><\/div>\n<form action=\"\/en\/wp-json\/wp\/v2\/pages\/27#wpcf7-f113-o2\" method=\"post\" class=\"wpcf7-form init\" enctype=\"multipart\/form-data\" novalidate=\"novalidate\" data-status=\"init\">\n<div style=\"display: none;\">\n<input type=\"hidden\" name=\"_wpcf7\" value=\"113\" \/>\n<input type=\"hidden\" name=\"_wpcf7_version\" value=\"5.6.4\" \/>\n<input type=\"hidden\" name=\"_wpcf7_locale\" value=\"en_US\" \/>\n<input type=\"hidden\" name=\"_wpcf7_unit_tag\" value=\"wpcf7-f113-o2\" \/>\n<input type=\"hidden\" name=\"_wpcf7_container_post\" value=\"0\" \/>\n<input type=\"hidden\" name=\"_wpcf7_posted_data_hash\" value=\"\" \/>\n<\/div>\n<p><label> Your Name: (*)<br \/>\n    <span class=\"wpcf7-form-control-wrap\" data-name=\"your-name\"><input type=\"text\" name=\"your-name\" value=\"\" size=\"40\" class=\"wpcf7-form-control wpcf7-text wpcf7-validates-as-required\" aria-required=\"true\" aria-invalid=\"false\" \/><\/span> <\/label><\/p>\n<p><label> Your Email: (*)<br \/>\n    <span class=\"wpcf7-form-control-wrap\" data-name=\"your-email\"><input type=\"email\" name=\"your-email\" value=\"\" size=\"40\" class=\"wpcf7-form-control wpcf7-text wpcf7-email wpcf7-validates-as-required wpcf7-validates-as-email\" aria-required=\"true\" aria-invalid=\"false\" \/><\/span> <\/label><\/p>\n<p><label> Phone No.: (*)<\/label><br \/>\n    <span class=\"wpcf7-form-control-wrap\" data-name=\"tel-140\"><input type=\"tel\" name=\"tel-140\" value=\"\" size=\"40\" class=\"wpcf7-form-control wpcf7-text wpcf7-tel wpcf7-validates-as-required wpcf7-validates-as-tel\" aria-required=\"true\" aria-invalid=\"false\" \/><\/span><\/p>\n<p><label> Institution \/ company \/ organization: (*)<\/label><br \/>\n<span class=\"wpcf7-form-control-wrap\" data-name=\"text-726\"><input type=\"text\" name=\"text-726\" value=\"\" size=\"40\" class=\"wpcf7-form-control wpcf7-text wpcf7-validates-as-required\" aria-required=\"true\" aria-invalid=\"false\" \/><\/span><\/p>\n<p><label> Your Message<br \/>\n    <span class=\"wpcf7-form-control-wrap\" data-name=\"your-message\"><textarea name=\"your-message\" cols=\"40\" rows=\"10\" class=\"wpcf7-form-control wpcf7-textarea\" aria-invalid=\"false\"><\/textarea><\/span> <\/label><\/p>\n<p><span class=\"wpcf7-form-control-wrap\" data-name=\"file-257\"><input type=\"file\" name=\"file-257\" size=\"40\" class=\"wpcf7-form-control wpcf7-file\" accept=\"audio\/*,video\/*,image\/*\" aria-invalid=\"false\" \/><\/span><br \/>\n<span class=\"wpcf7-form-control-wrap\" data-name=\"file-720\"><input type=\"file\" name=\"file-720\" size=\"40\" class=\"wpcf7-form-control wpcf7-file\" accept=\"audio\/*,video\/*,image\/*\" aria-invalid=\"false\" \/><\/span><\/p>\n<p><input type=\"submit\" value=\"Send\" class=\"wpcf7-form-control has-spinner wpcf7-submit\" \/><\/p>\n<div class=\"wpcf7-response-output\" aria-hidden=\"true\"><\/div><\/form><\/div>\n\n<\/p>\n\n              <\/div>\n           <\/div><!-- text-box-inner -->\n                            \n<style scope=\"scope\">\n\n#text-box-1982274922 {\n  width: 81%;\n}\n#text-box-1982274922 .text {\n  font-size: 100%;\n}\n\n\n@media (min-width:550px) {\n\n  #text-box-1982274922 {\n    width: 90%;\n  }\n\n}\n<\/style>\n    <\/div><!-- text-box -->\n \n\n        <\/div><!-- .banner-layers -->\n      <\/div><!-- .banner-inner -->\n\n            \n<style scope=\"scope\">\n\n#banner-1968626677 {\n  padding-top: 353px;\n  background-color: rgba(255, 255, 255, 0.69);\n}\n\n\n@media (min-width:550px) {\n\n  #banner-1968626677 {\n    padding-top: 692px;\n  }\n\n}\n<\/style>\n  <\/div><!-- .banner -->\n\n\n\n<\/div><\/div>\n\n\n<style scope=\"scope\">\n\n<\/style>\n<\/div>\n\n\t\t<\/div><!-- .section-content -->\n\n\t\t\n<style scope=\"scope\">\n\n#section_7363804 {\n  padding-top: 0px;\n  padding-bottom: 0px;\n}\n#section_7363804 .section-bg-overlay {\n  background-color: rgba(0, 0, 0, 0.62);\n}\n#section_7363804 .section-bg.bg-loaded {\n  background-image: url(https:\/\/enviroglobal.cz\/en\/wp-content\/uploads\/sites\/3\/2019\/03\/AdobeStock_199850553.jpg);\n}\n#section_7363804 .section-bg {\n  background-position: 64% 68%;\n}\n\n\n@media (min-width:550px) {\n\n  #section_7363804 {\n    padding-top: 80px;\n    padding-bottom: 80px;\n  }\n\n}\n<\/style>\n\t<\/section>\n\t\n\n","protected":false},"excerpt":{"rendered":"","protected":false},"author":1,"featured_media":0,"parent":0,"menu_order":0,"comment_status":"closed","ping_status":"closed","template":"page-blank.php","meta":{"_mi_skip_tracking":false},"yoast_head":"<!-- This site is optimized with the Yoast SEO plugin v19.10 - https:\/\/yoast.com\/wordpress\/plugins\/seo\/ -->\n<title>Contact - Enviroglobal EN<\/title>\n<meta name=\"robots\" content=\"index, follow, max-snippet:-1, max-image-preview:large, max-video-preview:-1\" \/>\n<link rel=\"canonical\" href=\"https:\/\/enviroglobal.cz\/en\/contact\/\" \/>\n<meta property=\"og:locale\" content=\"cs_CZ\" \/>\n<meta property=\"og:type\" content=\"article\" \/>\n<meta property=\"og:title\" content=\"Contact - Enviroglobal EN\" \/>\n<meta property=\"og:url\" content=\"https:\/\/enviroglobal.cz\/en\/contact\/\" \/>\n<meta property=\"og:site_name\" content=\"Enviroglobal EN\" \/>\n<meta property=\"article:modified_time\" content=\"2022-11-23T02:53:32+00:00\" \/>\n<meta name=\"twitter:card\" content=\"summary_large_image\" \/>\n<meta name=\"twitter:label1\" content=\"Odhadovan\u00e1 doba \u010dten\u00ed\" \/>\n\t<meta name=\"twitter:data1\" content=\"1 minuta\" \/>\n<script type=\"application\/ld+json\" class=\"yoast-schema-graph\">{\"@context\":\"https:\/\/schema.org\",\"@graph\":[{\"@type\":\"WebPage\",\"@id\":\"https:\/\/enviroglobal.cz\/en\/contact\/\",\"url\":\"https:\/\/enviroglobal.cz\/en\/contact\/\",\"name\":\"Contact - Enviroglobal EN\",\"isPartOf\":{\"@id\":\"https:\/\/enviroglobal.cz\/en\/#website\"},\"datePublished\":\"2019-03-14T18:41:06+00:00\",\"dateModified\":\"2022-11-23T02:53:32+00:00\",\"breadcrumb\":{\"@id\":\"https:\/\/enviroglobal.cz\/en\/contact\/#breadcrumb\"},\"inLanguage\":\"cs\",\"potentialAction\":[{\"@type\":\"ReadAction\",\"target\":[\"https:\/\/enviroglobal.cz\/en\/contact\/\"]}]},{\"@type\":\"BreadcrumbList\",\"@id\":\"https:\/\/enviroglobal.cz\/en\/contact\/#breadcrumb\",\"itemListElement\":[{\"@type\":\"ListItem\",\"position\":1,\"name\":\"Home\",\"item\":\"https:\/\/enviroglobal.cz\/en\/\"},{\"@type\":\"ListItem\",\"position\":2,\"name\":\"Contact\"}]},{\"@type\":\"WebSite\",\"@id\":\"https:\/\/enviroglobal.cz\/en\/#website\",\"url\":\"https:\/\/enviroglobal.cz\/en\/\",\"name\":\"Enviroglobal EN\",\"description\":\"Instruments and Equipment for Environmental Monitoring\",\"potentialAction\":[{\"@type\":\"SearchAction\",\"target\":{\"@type\":\"EntryPoint\",\"urlTemplate\":\"https:\/\/enviroglobal.cz\/en\/?s={search_term_string}\"},\"query-input\":\"required name=search_term_string\"}],\"inLanguage\":\"cs\"}]}<\/script>\n<!-- \/ Yoast SEO plugin. -->","yoast_head_json":{"title":"Contact - Enviroglobal EN","robots":{"index":"index","follow":"follow","max-snippet":"max-snippet:-1","max-image-preview":"max-image-preview:large","max-video-preview":"max-video-preview:-1"},"canonical":"https:\/\/enviroglobal.cz\/en\/contact\/","og_locale":"cs_CZ","og_type":"article","og_title":"Contact - Enviroglobal EN","og_url":"https:\/\/enviroglobal.cz\/en\/contact\/","og_site_name":"Enviroglobal EN","article_modified_time":"2022-11-23T02:53:32+00:00","twitter_card":"summary_large_image","twitter_misc":{"Odhadovan\u00e1 doba \u010dten\u00ed":"1 minuta"},"schema":{"@context":"https:\/\/schema.org","@graph":[{"@type":"WebPage","@id":"https:\/\/enviroglobal.cz\/en\/contact\/","url":"https:\/\/enviroglobal.cz\/en\/contact\/","name":"Contact - Enviroglobal EN","isPartOf":{"@id":"https:\/\/enviroglobal.cz\/en\/#website"},"datePublished":"2019-03-14T18:41:06+00:00","dateModified":"2022-11-23T02:53:32+00:00","breadcrumb":{"@id":"https:\/\/enviroglobal.cz\/en\/contact\/#breadcrumb"},"inLanguage":"cs","potentialAction":[{"@type":"ReadAction","target":["https:\/\/enviroglobal.cz\/en\/contact\/"]}]},{"@type":"BreadcrumbList","@id":"https:\/\/enviroglobal.cz\/en\/contact\/#breadcrumb","itemListElement":[{"@type":"ListItem","position":1,"name":"Home","item":"https:\/\/enviroglobal.cz\/en\/"},{"@type":"ListItem","position":2,"name":"Contact"}]},{"@type":"WebSite","@id":"https:\/\/enviroglobal.cz\/en\/#website","url":"https:\/\/enviroglobal.cz\/en\/","name":"Enviroglobal EN","description":"Instruments and Equipment for Environmental Monitoring","potentialAction":[{"@type":"SearchAction","target":{"@type":"EntryPoint","urlTemplate":"https:\/\/enviroglobal.cz\/en\/?s={search_term_string}"},"query-input":"required name=search_term_string"}],"inLanguage":"cs"}]}},"_links":{"self":[{"href":"https:\/\/enviroglobal.cz\/en\/wp-json\/wp\/v2\/pages\/27"}],"collection":[{"href":"https:\/\/enviroglobal.cz\/en\/wp-json\/wp\/v2\/pages"}],"about":[{"href":"https:\/\/enviroglobal.cz\/en\/wp-json\/wp\/v2\/types\/page"}],"author":[{"embeddable":true,"href":"https:\/\/enviroglobal.cz\/en\/wp-json\/wp\/v2\/users\/1"}],"replies":[{"embeddable":true,"href":"https:\/\/enviroglobal.cz\/en\/wp-json\/wp\/v2\/comments?post=27"}],"version-history":[{"count":28,"href":"https:\/\/enviroglobal.cz\/en\/wp-json\/wp\/v2\/pages\/27\/revisions"}],"predecessor-version":[{"id":186,"href":"https:\/\/enviroglobal.cz\/en\/wp-json\/wp\/v2\/pages\/27\/revisions\/186"}],"wp:attachment":[{"href":"https:\/\/enviroglobal.cz\/en\/wp-json\/wp\/v2\/media?parent=27"}],"curies":[{"name":"wp","href":"https:\/\/api.w.org\/{rel}","templated":true}]}}